{"id":29,"date":"2023-05-10T23:04:06","date_gmt":"2023-05-10T21:04:06","guid":{"rendered":"https:\/\/dousadetailing.cz\/?page_id=29"},"modified":"2023-05-11T07:23:09","modified_gmt":"2023-05-11T05:23:09","slug":"kontakt","status":"publish","type":"page","link":"https:\/\/dousadetailing.cz\/?page_id=29","title":{"rendered":"Kontakt"},"content":{"rendered":"\n<div class=\"contact-info\" style=\"font-size:20px;\">\n  <p>Jm\u00e9no: Jaroslav Dou\u0161a<\/p>\n  <p>Adresa: <a href=\"https:\/\/mapy.cz\/s\/hocepuruga\" target=\"_blank\" rel=\"noopener\">Horn\u00ed Police 9.kv\u011btna 153, 471 06 \u010cesk\u00e1 L\u00edpa (Mapy.cz)<\/a><\/p>\n  <p>Telefon: <a href=\"tel:+420734762507\">+420 734 762 507<\/a><\/p>\n  <p>E-mail: <a href=\"mailto:detailingjd@seznam.cz?subject=Dotaz\">detailingjd@seznam.cz<\/a><\/p>\n  <p>I\u010cO: 75293404<\/p>\n<\/div>\n\n","protected":false},"excerpt":{"rendered":"<p>Jm\u00e9no: Jaroslav Dou\u0161a Adresa: Horn\u00ed Police 9.kv\u011btna 153, 471 06 \u010cesk\u00e1 L\u00edpa (Mapy.cz) Telefon: +420 734 762 507 E-mail: detailingjd@seznam.cz I\u010cO: 75293404<\/p>\n","protected":false},"author":1,"featured_media":0,"parent":0,"menu_order":0,"comment_status":"closed","ping_status":"closed","template":"","meta":{"site-sidebar-layout":"default","site-content-layout":"","ast-site-content-layout":"default","site-content-style":"default","site-sidebar-style":"default","ast-global-header-display":"","ast-banner-title-visibility":"","ast-main-header-display":"","ast-hfb-above-header-display":"","ast-hfb-below-header-display":"","ast-hfb-mobile-header-display":"","site-post-title":"","ast-breadcrumbs-content":"","ast-featured-img":"","footer-sml-layout":"","ast-disable-related-posts":"","theme-transparent-header-meta":"","adv-header-id-meta":"","stick-header-meta":"","header-above-stick-meta":"","header-main-stick-meta":"","header-below-stick-meta":"","astra-migrate-meta-layouts":"default","ast-page-background-enabled":"default","ast-page-background-meta":{"desktop":{"background-color":"var(--ast-global-color-4)","background-image":"","background-repeat":"repeat","background-position":"center center","background-size":"auto","background-attachment":"scroll","background-type":"","background-media":"","overlay-type":"","overlay-color":"","overlay-opacity":"","overlay-gradient":""},"tablet":{"background-color":"","background-image":"","background-repeat":"repeat","background-position":"center center","background-size":"auto","background-attachment":"scroll","background-type":"","background-media":"","overlay-type":"","overlay-color":"","overlay-opacity":"","overlay-gradient":""},"mobile":{"background-color":"","background-image":"","background-repeat":"repeat","background-position":"center center","background-size":"auto","background-attachment":"scroll","background-type":"","background-media":"","overlay-type":"","overlay-color":"","overlay-opacity":"","overlay-gradient":""}},"ast-content-background-meta":{"desktop":{"background-color":"var(--ast-global-color-5)","background-image":"","background-repeat":"repeat","background-position":"center center","background-size":"auto","background-attachment":"scroll","background-type":"","background-media":"","overlay-type":"","overlay-color":"","overlay-opacity":"","overlay-gradient":""},"tablet":{"background-color":"var(--ast-global-color-5)","background-image":"","background-repeat":"repeat","background-position":"center center","background-size":"auto","background-attachment":"scroll","background-type":"","background-media":"","overlay-type":"","overlay-color":"","overlay-opacity":"","overlay-gradient":""},"mobile":{"background-color":"var(--ast-global-color-5)","background-image":"","background-repeat":"repeat","background-position":"center center","background-size":"auto","background-attachment":"scroll","background-type":"","background-media":"","overlay-type":"","overlay-color":"","overlay-opacity":"","overlay-gradient":""}},"footnotes":""},"class_list":["post-29","page","type-page","status-publish","hentry"],"_links":{"self":[{"href":"https:\/\/dousadetailing.cz\/index.php?rest_route=\/wp\/v2\/pages\/29","targetHints":{"allow":["GET"]}}],"collection":[{"href":"https:\/\/dousadetailing.cz\/index.php?rest_route=\/wp\/v2\/pages"}],"about":[{"href":"https:\/\/dousadetailing.cz\/index.php?rest_route=\/wp\/v2\/types\/page"}],"author":[{"embeddable":true,"href":"https:\/\/dousadetailing.cz\/index.php?rest_route=\/wp\/v2\/users\/1"}],"replies":[{"embeddable":true,"href":"https:\/\/dousadetailing.cz\/index.php?rest_route=%2Fwp%2Fv2%2Fcomments&post=29"}],"version-history":[{"count":29,"href":"https:\/\/dousadetailing.cz\/index.php?rest_route=\/wp\/v2\/pages\/29\/revisions"}],"predecessor-version":[{"id":205,"href":"https:\/\/dousadetailing.cz\/index.php?rest_route=\/wp\/v2\/pages\/29\/revisions\/205"}],"wp:attachment":[{"href":"https:\/\/dousadetailing.cz\/index.php?rest_route=%2Fwp%2Fv2%2Fmedia&parent=29"}],"curies":[{"name":"wp","href":"https:\/\/api.w.org\/{rel}","templated":true}]}}