{"id":41,"date":"2023-05-10T23:16:04","date_gmt":"2023-05-10T21:16:04","guid":{"rendered":"https:\/\/dousadetailing.cz\/?page_id=41"},"modified":"2026-04-18T00:40:48","modified_gmt":"2026-04-17T22:40:48","slug":"uvod","status":"publish","type":"page","link":"https:\/\/dousadetailing.cz\/","title":{"rendered":"\u00davod"},"content":{"rendered":"\n<figure class=\"wp-block-image aligncenter size-full\"><img loading=\"lazy\" decoding=\"async\" width=\"2560\" height=\"934\" src=\"https:\/\/dousadetailing.cz\/wp-content\/uploads\/2023\/05\/IMG_20230513_182245_1-1-scaled.jpg\" alt=\"\" class=\"wp-image-268\" srcset=\"https:\/\/dousadetailing.cz\/wp-content\/uploads\/2023\/05\/IMG_20230513_182245_1-1-scaled.jpg 2560w, https:\/\/dousadetailing.cz\/wp-content\/uploads\/2023\/05\/IMG_20230513_182245_1-1-300x109.jpg 300w, https:\/\/dousadetailing.cz\/wp-content\/uploads\/2023\/05\/IMG_20230513_182245_1-1-1024x374.jpg 1024w, https:\/\/dousadetailing.cz\/wp-content\/uploads\/2023\/05\/IMG_20230513_182245_1-1-768x280.jpg 768w, https:\/\/dousadetailing.cz\/wp-content\/uploads\/2023\/05\/IMG_20230513_182245_1-1-1536x560.jpg 1536w, https:\/\/dousadetailing.cz\/wp-content\/uploads\/2023\/05\/IMG_20230513_182245_1-1-2048x747.jpg 2048w\" sizes=\"auto, (max-width: 2560px) 100vw, 2560px\" \/><\/figure>\n\n\n\n<p class=\"has-text-align-left\"><strong><mark style=\"background-color:rgba(0, 0, 0, 0);color:#ffed00\" class=\"has-inline-color\">Dou\u0161a<\/mark> &#8211; Detailing<\/strong> je zam\u011b\u0159en na nejlep\u0161\u00ed mo\u017enou p\u00e9\u010di o v\u00e1\u0161 automobil, lo\u010f, motocykl a karavan. <\/p>\n\n\n\n<p class=\"has-text-align-left\">Zaru\u010duji \u0161etrn\u00e9 zach\u00e1zen\u00ed s va\u0161\u00edm vozem, profesion\u00e1ln\u00ed p\u0159\u00edstup a preciznost odveden\u00e9 pr\u00e1ce. V\u00edm, \u017ee ka\u017ed\u00fd v\u016fz m\u00e1 jin\u00e9 pot\u0159eby a ka\u017ed\u00fd z\u00e1kazn\u00edk jin\u00e9 n\u00e1roky, i na to jsem p\u0159ipraven.<\/p>\n\n\n\n<p class=\"has-text-align-left\">Pou\u017e\u00edv\u00e1m profesion\u00e1ln\u00ed zna\u010dkovou autokosmetiku <mark style=\"background-color:rgba(0, 0, 0, 0);color:#ffed00\" class=\"has-inline-color\"><strong>Gyeon<\/strong><\/mark>. Jihokorejsk\u00fd <mark style=\"background-color:rgba(0, 0, 0, 0);color:#ffed00\" class=\"has-inline-color\"><strong>Gyeon <\/strong><\/mark>vytv\u00e1\u0159\u00ed budoucnost v p\u00e9\u010di o automobily, lod\u011b a letadla.  <mark style=\"background-color:rgba(0, 0, 0, 0);color:#ffed00\" class=\"has-inline-color\"><strong>Gyeon <\/strong><\/mark>je dnes nadn\u00e1rodn\u00ed firma, kter\u00e1 m\u00e1 v portfoliu ty nejpokrokov\u011bj\u0161\u00ed produkty pro p\u00e9\u010di o automobil.  Od sam\u00e9ho za\u010d\u00e1tku zam\u011bstn\u00e1vaj\u00ed vlastn\u00ed t\u00fdm chemik\u016f,  na sv\u011bt\u011b je jen p\u00e1r zna\u010dek kter\u00e9 by m\u011bli vlastn\u00ed laborato\u0159 jako <mark style=\"background-color:rgba(0, 0, 0, 0);color:#ffed00\" class=\"has-inline-color\"><strong>Gyeon<\/strong><\/mark>. Celosv\u011btov\u011b jsou nejd\u00e1l v tzv. <strong>SiO2<\/strong> k\u0159emi\u010dit\u00fdch ochran\u00e1ch a a\u0165 chceme nebo ne, k\u0159emi\u010dit\u00e9 ochrany jsou zat\u00edm to nejdokonalej\u0161\u00ed, co bylo po vosku vyvinut\u00e9. Aby ne, jejich chemickou odolnost v rozmez\u00ed <strong>pH 2 &#8211; 11<\/strong>. Kam se hrabou klasick\u00e9 vosky.<\/p>\n\n\n\n<p class=\"has-text-align-left\"><strong><mark style=\"background-color:rgba(0, 0, 0, 0);color:#ffed00\" class=\"has-inline-color\">Gyeon<\/mark> <\/strong>m\u00e1 po cel\u00e9m sv\u011bt\u011b s\u00ed\u0165 <strong>800<\/strong> detailer\u016f, kte\u0159\u00ed se vypracovali a dostali speci\u00e1ln\u00ed certifik\u00e1t &#8222;<strong><mark style=\"background-color:rgba(0, 0, 0, 0);color:#ffed00\" class=\"has-inline-color\">Gyeon<\/mark> Certified Detailer<\/strong>&#8220; z \u010deho\u017e vypl\u00fdv\u00e1, \u017ee tohle nen\u00ed \u017e\u00e1dn\u00e1 gar\u00e1\u017eov\u00e1 autokosmetika.<\/p>\n","protected":false},"excerpt":{"rendered":"<p>Dou\u0161a &#8211; Detailing je zam\u011b\u0159en na nejlep\u0161\u00ed mo\u017enou p\u00e9\u010di o v\u00e1\u0161 automobil, lo\u010f, motocykl a karavan. Zaru\u010duji \u0161etrn\u00e9 zach\u00e1zen\u00ed s va\u0161\u00edm vozem, profesion\u00e1ln\u00ed p\u0159\u00edstup a preciznost odveden\u00e9 pr\u00e1ce. V\u00edm, \u017ee ka\u017ed\u00fd v\u016fz m\u00e1 jin\u00e9 pot\u0159eby a ka\u017ed\u00fd z\u00e1kazn\u00edk jin\u00e9 n\u00e1roky, i na to jsem p\u0159ipraven. Pou\u017e\u00edv\u00e1m profesion\u00e1ln\u00ed zna\u010dkovou autokosmetiku Gyeon. Jihokorejsk\u00fd Gyeon vytv\u00e1\u0159\u00ed budoucnost v [&hellip;]<\/p>\n","protected":false},"author":1,"featured_media":0,"parent":0,"menu_order":0,"comment_status":"closed","ping_status":"closed","template":"","meta":{"site-sidebar-layout":"default","site-content-layout":"","ast-site-content-layout":"default","site-content-style":"default","site-sidebar-style":"default","ast-global-header-display":"","ast-banner-title-visibility":"","ast-main-header-display":"","ast-hfb-above-header-display":"","ast-hfb-below-header-display":"","ast-hfb-mobile-header-display":"","site-post-title":"","ast-breadcrumbs-content":"","ast-featured-img":"","footer-sml-layout":"","ast-disable-related-posts":"","theme-transparent-header-meta":"","adv-header-id-meta":"","stick-header-meta":"","header-above-stick-meta":"","header-main-stick-meta":"","header-below-stick-meta":"","astra-migrate-meta-layouts":"set","ast-page-background-enabled":"default","ast-page-background-meta":{"desktop":{"background-color":"var(--ast-global-color-4)","background-image":"","background-repeat":"repeat","background-position":"center center","background-size":"auto","background-attachment":"scroll","background-type":"","background-media":"","overlay-type":"","overlay-color":"","overlay-opacity":"","overlay-gradient":""},"tablet":{"background-color":"","background-image":"","background-repeat":"repeat","background-position":"center center","background-size":"auto","background-attachment":"scroll","background-type":"","background-media":"","overlay-type":"","overlay-color":"","overlay-opacity":"","overlay-gradient":""},"mobile":{"background-color":"","background-image":"","background-repeat":"repeat","background-position":"center center","background-size":"auto","background-attachment":"scroll","background-type":"","background-media":"","overlay-type":"","overlay-color":"","overlay-opacity":"","overlay-gradient":""}},"ast-content-background-meta":{"desktop":{"background-color":"var(--ast-global-color-5)","background-image":"","background-repeat":"repeat","background-position":"center center","background-size":"auto","background-attachment":"scroll","background-type":"","background-media":"","overlay-type":"","overlay-color":"","overlay-opacity":"","overlay-gradient":""},"tablet":{"background-color":"var(--ast-global-color-5)","background-image":"","background-repeat":"repeat","background-position":"center center","background-size":"auto","background-attachment":"scroll","background-type":"","background-media":"","overlay-type":"","overlay-color":"","overlay-opacity":"","overlay-gradient":""},"mobile":{"background-color":"var(--ast-global-color-5)","background-image":"","background-repeat":"repeat","background-position":"center center","background-size":"auto","background-attachment":"scroll","background-type":"","background-media":"","overlay-type":"","overlay-color":"","overlay-opacity":"","overlay-gradient":""}},"footnotes":""},"class_list":["post-41","page","type-page","status-publish","hentry"],"_links":{"self":[{"href":"https:\/\/dousadetailing.cz\/index.php?rest_route=\/wp\/v2\/pages\/41","targetHints":{"allow":["GET"]}}],"collection":[{"href":"https:\/\/dousadetailing.cz\/index.php?rest_route=\/wp\/v2\/pages"}],"about":[{"href":"https:\/\/dousadetailing.cz\/index.php?rest_route=\/wp\/v2\/types\/page"}],"author":[{"embeddable":true,"href":"https:\/\/dousadetailing.cz\/index.php?rest_route=\/wp\/v2\/users\/1"}],"replies":[{"embeddable":true,"href":"https:\/\/dousadetailing.cz\/index.php?rest_route=%2Fwp%2Fv2%2Fcomments&post=41"}],"version-history":[{"count":30,"href":"https:\/\/dousadetailing.cz\/index.php?rest_route=\/wp\/v2\/pages\/41\/revisions"}],"predecessor-version":[{"id":362,"href":"https:\/\/dousadetailing.cz\/index.php?rest_route=\/wp\/v2\/pages\/41\/revisions\/362"}],"wp:attachment":[{"href":"https:\/\/dousadetailing.cz\/index.php?rest_route=%2Fwp%2Fv2%2Fmedia&parent=41"}],"curies":[{"name":"wp","href":"https:\/\/api.w.org\/{rel}","templated":true}]}}